{"id":76109,"date":"2019-01-06T13:41:59","date_gmt":"2019-01-06T13:41:59","guid":{"rendered":"https:\/\/gonzaga.eu\/sole-in-vrtci\/"},"modified":"2020-05-17T10:36:21","modified_gmt":"2020-05-17T10:36:21","slug":"sole-in-vrtci","status":"publish","type":"page","link":"https:\/\/gonzaga.eu\/en\/sole-in-vrtci\/","title":{"rendered":"\u0160ole in vrtci EN"},"content":{"rendered":"<div class=\"wpb-content-wrapper\"><p>[vc_row row_height_percent=&#8221;40&#8243; override_padding=&#8221;yes&#8221; h_padding=&#8221;0&#8243; top_padding=&#8221;0&#8243; bottom_padding=&#8221;0&#8243; back_image=&#8221;75436&#8243; overlay_color=&#8221;color-jevc&#8221; overlay_alpha=&#8221;50&#8243; gutter_size=&#8221;3&#8243; column_width_percent=&#8221;100&#8243; shift_y=&#8221;0&#8243; z_index=&#8221;0&#8243; css=&#8221;.vc_custom_1587373497643{margin-bottom: 50px !important;}&#8221; el_class=&#8221;main-slider&#8221;][vc_column column_width_percent=&#8221;100&#8243; position_vertical=&#8221;middle&#8221; align_horizontal=&#8221;align_center&#8221; overlay_alpha=&#8221;50&#8243; gutter_size=&#8221;3&#8243; medium_width=&#8221;0&#8243; mobile_width=&#8221;0&#8243; shift_x=&#8221;0&#8243; shift_y=&#8221;0&#8243; shift_y_down=&#8221;0&#8243; z_index=&#8221;0&#8243; width=&#8221;1\/12&#8243;][\/vc_column][vc_column column_width_percent=&#8221;100&#8243; position_vertical=&#8221;middle&#8221; align_horizontal=&#8221;align_center&#8221; overlay_alpha=&#8221;50&#8243; gutter_size=&#8221;3&#8243; medium_width=&#8221;0&#8243; mobile_width=&#8221;0&#8243; shift_x=&#8221;0&#8243; shift_y=&#8221;0&#8243; shift_y_down=&#8221;0&#8243; z_index=&#8221;0&#8243; width=&#8221;10\/12&#8243;][vc_custom_heading text_size=&#8221;fontsize-325996&#8243; text_font=&#8221;font-150080&#8243; text_weight=&#8221;100&#8243; text_color=&#8221;color-xsdn&#8221;]\u0160ole in vrtci[\/vc_custom_heading][vc_custom_heading text_size=&#8221;fontsize-118728&#8243; text_height=&#8221;fontheight-357766&#8243; text_font=&#8221;font-150080&#8243; text_weight=&#8221;100&#8243; text_color=&#8221;color-xsdn&#8221;]\u0160ole in vrtci so ustanove, ki potrebujejo trdno pohi\u0161tvo. Program pohi\u0161tva (otro\u0161ka igrala, otro\u0161ko pohi\u0161tvo) je definiran tako, da se na\u0161i najmlaj\u0161i po\u010dutijo \u010dimbolj doma\u010de.[\/vc_custom_heading][\/vc_column][vc_column width=&#8221;1\/12&#8243;][\/vc_column][\/vc_row][vc_row unlock_row_content=&#8221;yes&#8221; row_height_percent=&#8221;0&#8243; overlay_alpha=&#8221;100&#8243; gutter_size=&#8221;100&#8243; column_width_percent=&#8221;100&#8243; shift_y=&#8221;0&#8243; z_index=&#8221;0&#8243; style=&#8221;inherited&#8221;][vc_column width=&#8221;1\/1&#8243;][uncode_index el_id=&#8221;index-1&#8243; loop=&#8221;size:All|order_by:menu_order|order:ASC|post_type:portfolio|tax_query:87,88|by_id:-2489&#8243; filtering=&#8221;yes&#8221; filtering_full_width=&#8221;yes&#8221; filtering_position=&#8221;center&#8221; filtering_uppercase=&#8221;yes&#8221; gutter_size=&#8221;3&#8243; post_items=&#8221;title,media|featured|onpost,category&#8221; page_items=&#8221;title,media,text,category&#8221; product_items=&#8221;title,media,text,category,price&#8221; portfolio_items=&#8221;media|featured|onpost|original,title,icon,text|excerpt&#8221; screen_lg=&#8221;1200&#8243; screen_md=&#8221;960&#8243; screen_sm=&#8221;480&#8243; images_size=&#8221;three-two&#8221; single_overlay_color=&#8221;color-jevc&#8221; single_overlay_opacity=&#8221;60&#8243; single_image_color_anim=&#8221;yes&#8221; single_h_align=&#8221;center&#8221; single_padding=&#8221;2&#8243; single_text_reduced=&#8221;yes&#8221; single_title_dimension=&#8221;h6&#8243; single_border=&#8221;yes&#8221; single_css_animation=&#8221;bottom-t-top&#8221; single_animation_delay=&#8221;200&#8243; filtering_menu=&#8221;inline&#8221; single_block_click=&#8221;yes&#8221; single_text_hover=&#8221;yes&#8221; single_no_background=&#8221;yes&#8221; single_title_serif=&#8221;&#8221; single_title_divider=&#8221;&#8221; single_half_padding=&#8221;yes&#8221; single_title_bold=&#8221;yes&#8221; footer_position=&#8221;left&#8221; carousel_rtl=&#8221;&#8221; filtering_transform=&#8221;uppercase&#8221; items=&#8221;e30=&#8221;][\/vc_column][\/vc_row][vc_row row_height_percent=&#8221;0&#8243; back_color=&#8221;color-xsdn&#8221; overlay_alpha=&#8221;50&#8243; gutter_size=&#8221;3&#8243; column_width_percent=&#8221;100&#8243; shift_y=&#8221;0&#8243; z_index=&#8221;0&#8243; css=&#8221;.vc_custom_1544181411778{margin-top: 50px !important;margin-bottom: 50px !important;}&#8221;][vc_column column_width_percent=&#8221;100&#8243; align_horizontal=&#8221;align_center&#8221; overlay_alpha=&#8221;50&#8243; gutter_size=&#8221;3&#8243; medium_width=&#8221;0&#8243; mobile_width=&#8221;0&#8243; shift_x=&#8221;0&#8243; shift_y=&#8221;0&#8243; shift_y_down=&#8221;0&#8243; z_index=&#8221;0&#8243; width=&#8221;1\/12&#8243;][\/vc_column][vc_column column_width_percent=&#8221;100&#8243; align_horizontal=&#8221;align_center&#8221; overlay_alpha=&#8221;50&#8243; gutter_size=&#8221;3&#8243; medium_width=&#8221;0&#8243; mobile_width=&#8221;0&#8243; shift_x=&#8221;0&#8243; shift_y=&#8221;0&#8243; shift_y_down=&#8221;0&#8243; z_index=&#8221;0&#8243; width=&#8221;10\/12&#8243;][vc_custom_heading text_font=&#8221;font-150080&#8243; text_weight=&#8221;100&#8243; text_transform=&#8221;uppercase&#8221; text_color=&#8221;color-jevc&#8221;]Bodi prvi obve\u0161\u010den o novostih[\/vc_custom_heading][vc_custom_heading text_size=&#8221;fontsize-122822&#8243; text_font=&#8221;font-150080&#8243; text_weight=&#8221;100&#8243; text_color=&#8221;color-nhtu&#8221;]Prijavite se na na\u0161e e-novice in\u00a0 prejemajte najnovej\u0161e informacije ter zanimivosti direktno v va\u0161 e-po\u0161tni nabiralnik.[\/vc_custom_heading][vc_empty_space empty_h=&#8221;2&#8243;][vc_row_inner][vc_column_inner width=&#8221;2\/12&#8243;][\/vc_column_inner][vc_column_inner width=&#8221;8\/12&#8243;]\n<div class=\"wpcf7 no-js\" id=\"wpcf7-f62791-o1\" lang=\"en-US\" dir=\"ltr\" data-wpcf7-id=\"62791\">\n<div class=\"screen-reader-response\"><p role=\"status\" aria-live=\"polite\" aria-atomic=\"true\"><\/p> <ul><\/ul><\/div>\n<form action=\"\/en\/wp-json\/wp\/v2\/pages\/76109#wpcf7-f62791-o1\" method=\"post\" class=\"wpcf7-form init\" aria-label=\"Contact form\" novalidate=\"novalidate\" data-status=\"init\">\n<fieldset class=\"hidden-fields-container\"><input type=\"hidden\" name=\"_wpcf7\" value=\"62791\" \/><input type=\"hidden\" name=\"_wpcf7_version\" value=\"6.1.4\" \/><input type=\"hidden\" name=\"_wpcf7_locale\" value=\"en_US\" \/><input type=\"hidden\" name=\"_wpcf7_unit_tag\" value=\"wpcf7-f62791-o1\" \/><input type=\"hidden\" name=\"_wpcf7_container_post\" value=\"0\" \/><input type=\"hidden\" name=\"_wpcf7_posted_data_hash\" value=\"\" \/><input type=\"hidden\" name=\"_wpcf7_recaptcha_response\" value=\"\" \/>\n<\/fieldset>\n<div style=\"text-alight:center;\" >\n\t<div class=\"left\" style=\"width:65%; float:left; \"  >\n\t\t<p style=\"margin-top:0px\"><span class=\"wpcf7-form-control-wrap\" data-name=\"your-email\"><input size=\"40\" maxlength=\"400\" class=\"wpcf7-form-control wpcf7-email wpcf7-text wpcf7-validates-as-email form-fluid\" aria-invalid=\"false\" placeholder=\"Vpi\u0161i e-naslov\" value=\"\" type=\"email\" name=\"your-email\" \/><\/span>\n\t\t<\/p>\n\t<\/div>\n\t<div class=\"right\" style=\"width:35%; float:left; margin-top:0px; \"  >\n\t\t<p style=\"margin-top:0px\"><input class=\"wpcf7-form-control wpcf7-submit has-spinner btn btn-default btn-flat btn-block\" type=\"submit\" value=\"Prijava\" \/>\n\t\t<\/p>\n\t<\/div>\n<\/div><div class=\"wpcf7-response-output\" aria-hidden=\"true\"><\/div>\n<\/form>\n<\/div>\n[\/vc_column_inner][vc_column_inner width=&#8221;2\/12&#8243;][\/vc_column_inner][\/vc_row_inner][\/vc_column][vc_column width=&#8221;1\/12&#8243;][\/vc_column][\/vc_row]<\/p>\n<\/div>","protected":false},"excerpt":{"rendered":"<p>[vc_row row_height_percent=&#8221;40&#8243; override_padding=&#8221;yes&#8221; h_padding=&#8221;0&#8243; top_padding=&#8221;0&#8243; bottom_padding=&#8221;0&#8243; back_image=&#8221;75436&#8243; overlay_color=&#8221;color-jevc&#8221; overlay_alpha=&#8221;50&#8243; gutter_size=&#8221;3&#8243; column_width_percent=&#8221;100&#8243; shift_y=&#8221;0&#8243; z_index=&#8221;0&#8243; css=&#8221;.vc_custom_1587373497643{margin-bottom: 50px !important;}&#8221; el_class=&#8221;main-slider&#8221;][vc_column column_width_percent=&#8221;100&#8243; position_vertical=&#8221;middle&#8221; align_horizontal=&#8221;align_center&#8221; [&hellip;]<\/p>\n","protected":false},"author":1,"featured_media":0,"parent":0,"menu_order":30,"comment_status":"closed","ping_status":"closed","template":"","meta":{"footnotes":""},"class_list":["post-76109","page","type-page","status-publish","hentry"],"_links":{"self":[{"href":"https:\/\/gonzaga.eu\/en\/wp-json\/wp\/v2\/pages\/76109","targetHints":{"allow":["GET"]}}],"collection":[{"href":"https:\/\/gonzaga.eu\/en\/wp-json\/wp\/v2\/pages"}],"about":[{"href":"https:\/\/gonzaga.eu\/en\/wp-json\/wp\/v2\/types\/page"}],"author":[{"embeddable":true,"href":"https:\/\/gonzaga.eu\/en\/wp-json\/wp\/v2\/users\/1"}],"replies":[{"embeddable":true,"href":"https:\/\/gonzaga.eu\/en\/wp-json\/wp\/v2\/comments?post=76109"}],"version-history":[{"count":3,"href":"https:\/\/gonzaga.eu\/en\/wp-json\/wp\/v2\/pages\/76109\/revisions"}],"predecessor-version":[{"id":76117,"href":"https:\/\/gonzaga.eu\/en\/wp-json\/wp\/v2\/pages\/76109\/revisions\/76117"}],"wp:attachment":[{"href":"https:\/\/gonzaga.eu\/en\/wp-json\/wp\/v2\/media?parent=76109"}],"curies":[{"name":"wp","href":"https:\/\/api.w.org\/{rel}","templated":true}]}}